{"id":11,"date":"2015-09-09T10:50:28","date_gmt":"2015-09-09T10:50:28","guid":{"rendered":"http:\/\/imedica.sharkz.in\/13\/?page_id=11"},"modified":"2023-07-06T18:53:07","modified_gmt":"2023-07-06T18:53:07","slug":"curriculum","status":"publish","type":"page","link":"https:\/\/efrainarredondo.com.ar\/inicio\/curriculum\/","title":{"rendered":"Curr\u00edculum"},"content":{"rendered":"<section class=\"wpb-content-wrapper\"><p>[vc_row full_width=\u00bbstretch_row_content_no_spaces\u00bb gradient_colors=\u00bb%5B%7B%7D%5D\u00bb bg_type=\u00bbimage\u00bb parallax_style=\u00bbvcpb-default\u00bb bg_image_new=\u00bb44|http:\/\/imedicaassets.brainstormforce.com\/13\/wp-content\/uploads\/sites\/15\/2015\/09\/about-header13.jpg\u00bb bg_override=\u00bbfull\u00bb css=\u00bb.vc_custom_1688669339409{margin-bottom: 0px !important;}\u00bb kswr_row_top_decor_enabled=\u00bbfalse\u00bb kswr_row_bottom_decor_enabled=\u00bbfalse\u00bb][vc_column width=\u00bb1\/2&#8243;][vc_single_image image=\u00bb15366&#8243; img_size=\u00bbfull\u00bb alignment=\u00bbcenter\u00bb][\/vc_column][vc_column width=\u00bb1\/2&#8243; gradient_colors=\u00bb%5B%7B%7D%5D\u00bb css=\u00bb.vc_custom_1688669359295{padding-right: 40px !important;padding-left: 40px !important;}\u00bb]<div class=\"kswr-heading-container kswr-theelement\" style=\"text-align:left;\">\n\t\t\t\t<div class=\"kswr-heading-title kswr-shortcode-element  tmpl-title-font\" data-fontsettings=\"font-size:30px;\" style=\"font-size:30px; font-weight:700; margin-top:0px;margin-bottom:0px;color:rgba(18, 59, 97, 1);background-clip: inherit;background-color: inherit; -webkit-text-fill-color:rgba(18, 59, 97, 1);\">Dr. PABLO EFRA\u00cdN ARREDONDO<\/div>\n\t\t\t\t<div class=\"kswr-heading-content kswr-shortcode-element  \" data-fontsettings=\"font-size:14px;\" style=\"font-size:14px;  margin-top:0px;margin-bottom:0px;color:#333333;\"><\/div>\n\t\t\t<\/div>[vc_separator color=\u00bbcustom\u00bb border_width=\u00bb3&#8243; accent_color=\u00bb#243878&#8243;][vc_empty_space height=\u00bb35px\u00bb][vc_column_text]El\u00a0<strong>Dr. Pablo Efra\u00edn Arredondo<\/strong>\u00a0es m\u00e9dico cirujano egresado de la Facultad de Ciencias M\u00e9dicas de la Universidad Nacional de Rosario, Argentina.<\/p>\n<p>&nbsp;<\/p>\n<p>Adem\u00e1s de llevar adelante una impecable carrera como profesional, el\u00a0<strong>Dr. Arredondo<\/strong>\u00a0se dedica a la docencia de postgrado como\u00a0<strong>instructor de Cirug\u00eda General<\/strong>\u00a0en el Hospital Eva Per\u00f3n de Granadero Baigorria y como\u00a0<strong>instructor de Cirug\u00eda Pl\u00e1stica Est\u00e9tica y Reparadora<\/strong>\u00a0en el Hospital Centenario de Rosario.<\/p>\n<p>En su curr\u00edculum se destaca tambi\u00e9n la participaci\u00f3n en prestigiosos congresos y cursos de renombre nacional e internacional. Entre ellos sobresalen el\u00a0<strong>XVI Simposio Internacional de Cirug\u00eda Est\u00e9tica<\/strong>\u00a0(Rosario \u2013 2006), el\u00a0<strong>Curso de Actualizaci\u00f3n Facial Aesthetics<\/strong>\u00a0(Rosario \u2013 2008) y las<strong>Jornadas Internacionales de Mastolog\u00eda y Cirug\u00eda Oncopl\u00e1stica<\/strong>\u00a0(Rosario \u2013 2008).<\/p>\n<p>El\u00a0<strong>Dr. Pablo Efra\u00edn Arredondo<\/strong>\u00a0es reconocido tambi\u00e9n por la autor\u00eda y coautor\u00eda de importantes investigaciones y trabajos cient\u00edficos, entre los cuales cabe destacar Colgajo Safeno invertido (Rosario \u2013 2009), Resoluci\u00f3n de dos casos problema mediante la expansi\u00f3n tisular controlada (Mar del Plata \u2013 2009) ), Expansi\u00f3n Tisular Controlada en lesi\u00f3n grave de cuero cabelludo (publicado en la revista de la Sociedad Argentina de Cirug\u00eda Pl\u00e1stica y Reparadora \u2013 2010) y Reconstrucci\u00f3n mamaria con colgajo TRAM (Cataratas del Iguaz\u00fa \u2013 2011).[\/vc_column_text][\/vc_column][\/vc_row]<\/p>\n<\/section>","protected":false},"excerpt":{"rendered":"<p>[vc_row full_width=\u00bbstretch_row_content_no_spaces\u00bb gradient_colors=\u00bb%5B%7B%7D%5D\u00bb bg_type=\u00bbimage\u00bb parallax_style=\u00bbvcpb-default\u00bb bg_image_new=\u00bb44|http:\/\/imedicaassets.brainstormforce.com\/13\/wp-content\/uploads\/sites\/15\/2015\/09\/about-header13.jpg\u00bb bg_override=\u00bbfull\u00bb css=\u00bb.vc_custom_1688669339409{margin-bottom: 0px !important;}\u00bb kswr_row_top_decor_enabled=\u00bbfalse\u00bb kswr_row_bottom_decor_enabled=\u00bbfalse\u00bb][vc_column width=\u00bb1\/2&#8243;][vc_single_image image=\u00bb15366&#8243; img_size=\u00bbfull\u00bb alignment=\u00bbcenter\u00bb][\/vc_column][vc_column width=\u00bb1\/2&#8243; gradient_colors=\u00bb%5B%7B%7D%5D\u00bb css=\u00bb.vc_custom_1688669359295{padding-right: 40px !important;padding-left: 40px !important;}\u00bb][vc_separator color=\u00bbcustom\u00bb border_width=\u00bb3&#8243; accent_color=\u00bb#243878&#8243;][vc_empty_space height=\u00bb35px\u00bb][vc_column_text]El\u00a0Dr. Pablo Efra\u00edn Arredondo\u00a0es m\u00e9dico cirujano egresado de la Facultad de Ciencias M\u00e9dicas de la Universidad Nacional de Rosario, Argentina. &nbsp; Adem\u00e1s de llevar adelante una impecable carrera como [&hellip;]<\/p>\n","protected":false},"author":2,"featured_media":0,"parent":0,"menu_order":5,"comment_status":"closed","ping_status":"closed","template":"","meta":{"_joinchat":[],"footnotes":""},"class_list":["post-11","page","type-page","status-publish","hentry"],"_links":{"self":[{"href":"https:\/\/efrainarredondo.com.ar\/inicio\/wp-json\/wp\/v2\/pages\/11","targetHints":{"allow":["GET"]}}],"collection":[{"href":"https:\/\/efrainarredondo.com.ar\/inicio\/wp-json\/wp\/v2\/pages"}],"about":[{"href":"https:\/\/efrainarredondo.com.ar\/inicio\/wp-json\/wp\/v2\/types\/page"}],"author":[{"embeddable":true,"href":"https:\/\/efrainarredondo.com.ar\/inicio\/wp-json\/wp\/v2\/users\/2"}],"replies":[{"embeddable":true,"href":"https:\/\/efrainarredondo.com.ar\/inicio\/wp-json\/wp\/v2\/comments?post=11"}],"version-history":[{"count":5,"href":"https:\/\/efrainarredondo.com.ar\/inicio\/wp-json\/wp\/v2\/pages\/11\/revisions"}],"predecessor-version":[{"id":15362,"href":"https:\/\/efrainarredondo.com.ar\/inicio\/wp-json\/wp\/v2\/pages\/11\/revisions\/15362"}],"wp:attachment":[{"href":"https:\/\/efrainarredondo.com.ar\/inicio\/wp-json\/wp\/v2\/media?parent=11"}],"curies":[{"name":"wp","href":"https:\/\/api.w.org\/{rel}","templated":true}]}}